{"id":1449,"date":"2025-08-28T10:59:28","date_gmt":"2025-08-28T10:59:28","guid":{"rendered":"https:\/\/jn.travelblox.eu\/?page_id=1449"},"modified":"2026-03-20T09:30:44","modified_gmt":"2026-03-20T09:30:44","slug":"about-us","status":"publish","type":"page","link":"https:\/\/jn.travelblox.eu\/fr\/about-us\/","title":{"rendered":"About us"},"content":{"rendered":"\n<div class=\" tb-header tb-block align-center background-dark pattern-none variant-none\" id=\"header\" data-fallback-background=\"https:\/\/jn.travelblox.eu\/wp-content\/uploads\/sites\/44\/2025\/10\/BlogHorizontal-12.jpg\" style=\"background-image: url('https:\/\/jn.travelblox.eu\/wp-content\/uploads\/sites\/44\/2025\/10\/BlogHorizontal-12.jpg'); background-position:;\">\n    <div class=\"tb-header-foreground\">\n        <div class=\"inner-block\">\n\n            <div class=\"main-part\">\n                <div class=\"text-part\">\n                                            <p><br data-mce-bogus=\"1\" \/><\/p>\n                                                                                            <h1>\t<span class=\"tb-logo \"  style=\"-webkit-mask-image: url(https:\/\/jn.travelblox.eu\/wp-content\/uploads\/sites\/44\/2023\/10\/round-white.svg); mask-image: url(https:\/\/jn.travelblox.eu\/wp-content\/uploads\/sites\/44\/2023\/10\/round-white.svg)\">\n\t\t<img src='https:\/\/jn.travelblox.eu\/wp-content\/uploads\/sites\/44\/2023\/10\/round-white.svg' width='1024' height='1024' alt='Jordan Nomads logo' title='Jordan Nomads' loading='lazy'>\n\t<\/span>\n<\/h1>\n                                                                                        <h2 class=\"tb-subtitle\">\t\t<div class=\"translation-block\"><p>L&rsquo;\u00e9quipe et l&rsquo;histoire derri\u00e8re Jordan Nomads<\/p><\/div>\n\t<\/h2>\n                                                                                                                                            <\/div>\n            <\/div>\n            \n                    <\/div>\n    <\/div>\n\n    \n    \n<\/div>\n\n\n<div class=\" tb-team tb-block align-center background-light pattern-none variant-none tb-collapsible-margins\" id=\"team\">\n\t<div class=\"inner-block tb-fade-in tb-fade-in--subtle\">\n\t\t<div class=\"text-part\">\n\t\t\t<h2>Rencontrez l&rsquo;\u00e9quipe Jordan Nomads<\/h2>\n\t\t\t\t\t<div class=\"translation-block\"><p>Jordan Nomads est une aventure de 7 jours soigneusement \u00e9labor\u00e9e par <strong>une \u00e9quipe de voyageurs, d&rsquo;aventuriers et de locaux passionn\u00e9s<\/strong> qui ont tous une chose en commun : un amour ind\u00e9niable pour la Jordanie. Nous avons mis en commun notre exp\u00e9rience pour cr\u00e9er l&rsquo;itin\u00e9raire parfait pour vous. Des incontournables aux joyaux cach\u00e9s, en passant par tout ce qui se trouve entre les deux, nous connaissons la destination sur le bout des doigts et nous nous ferons un plaisir de vous emmener l&rsquo;explorer&#8230;<\/p>\n<p>Curieux\u00b7ses de d\u00e9couvrir les visages derri\u00e8re l\u2019\u00e9quipe des Jordan Nomads ? Apprenez-en plus sur chacun de nos experts en voyage.<\/p><\/div>\n\t\t\t<\/div>\n\t<\/div>\n\t\t\t\t\t<div class=\"inner-block-full-width has-tb-carousel \" >\n\t\t\t<div class=\"tb-carousel-container\">\n\t\t\t\t<div class=\"entries tb-cards\" data-slider-first=\"1\">\n\t\t\t\t\t\t\t\t\t<div class=\"tb-card entry\" style=\"background-image: url('https:\/\/jn.travelblox.eu\/wp-content\/uploads\/sites\/44\/2025\/08\/JN-Clara-819x1024.jpg')\">\n\t\t\t\t<label for=\"tb-team-read-more-block_s44__p1449__team-0\" class=\"tb-team__card-label\">\n\t\t\t\t\t<div class=\"overlay\"><\/div>\n\t\t\t\t\t<div class=\"overlay overlay--extra\"><\/div>\n\t\t\t\t\t<div class=\"content\">\n\t\t\t\t\t\t<div class=\"tb-team__card-titles\">\n\t\t\t\t\t\t\t<h3>Clara<\/h3>\n\t\t\t\t\t\t\t\t\t\t\t\t\t\t\t<p>responsable de l&rsquo;organisation pratique<\/p>\n\t\t\t\t\t\t\t\t\t\t\t\t\t<\/div>\n\t\t\t\t\t\t\t\t\t\t\t<\/div>\n\t\t\t\t\t<input type=\"checkbox\" class=\"tb-team__card-checkbox\" id=\"tb-team-read-more-block_s44__p1449__team-0\">\n\t\t\t\t<\/label>\n\t\t\t<\/div>\n\t\t\t\t\t<div class=\"tb-card entry\" style=\"background-image: url('https:\/\/jn.travelblox.eu\/wp-content\/uploads\/sites\/44\/2025\/08\/JN-Sam-819x1024.jpg')\">\n\t\t\t\t<label for=\"tb-team-read-more-block_s44__p1449__team-1\" class=\"tb-team__card-label\">\n\t\t\t\t\t<div class=\"overlay\"><\/div>\n\t\t\t\t\t<div class=\"overlay overlay--extra\"><\/div>\n\t\t\t\t\t<div class=\"content\">\n\t\t\t\t\t\t<div class=\"tb-team__card-titles\">\n\t\t\t\t\t\t\t<h3>Sam<\/h3>\n\t\t\t\t\t\t\t\t\t\t\t\t\t\t\t<p>l\u00e0 pour r\u00e9pondre \u00e0 toutes vos questions<\/p>\n\t\t\t\t\t\t\t\t\t\t\t\t\t<\/div>\n\t\t\t\t\t\t\t\t\t\t\t<\/div>\n\t\t\t\t\t<input type=\"checkbox\" class=\"tb-team__card-checkbox\" id=\"tb-team-read-more-block_s44__p1449__team-1\">\n\t\t\t\t<\/label>\n\t\t\t<\/div>\n\t\t\t\t\t<div class=\"tb-card entry\" style=\"background-image: url('https:\/\/jn.travelblox.eu\/wp-content\/uploads\/sites\/44\/2025\/08\/JN-Malou-819x1024.jpg')\">\n\t\t\t\t<label for=\"tb-team-read-more-block_s44__p1449__team-2\" class=\"tb-team__card-label\">\n\t\t\t\t\t<div class=\"overlay\"><\/div>\n\t\t\t\t\t<div class=\"overlay overlay--extra\"><\/div>\n\t\t\t\t\t<div class=\"content\">\n\t\t\t\t\t\t<div class=\"tb-team__card-titles\">\n\t\t\t\t\t\t\t<h3>Malou<\/h3>\n\t\t\t\t\t\t\t\t\t\t\t\t\t\t\t<p>s&rsquo;occupe de la communication<\/p>\n\t\t\t\t\t\t\t\t\t\t\t\t\t<\/div>\n\t\t\t\t\t\t\t\t\t\t\t<\/div>\n\t\t\t\t\t<input type=\"checkbox\" class=\"tb-team__card-checkbox\" id=\"tb-team-read-more-block_s44__p1449__team-2\">\n\t\t\t\t<\/label>\n\t\t\t<\/div>\n\t\t\t\t\t<div class=\"tb-card entry\" style=\"background-image: url('https:\/\/jn.travelblox.eu\/wp-content\/uploads\/sites\/44\/2025\/08\/JN-Caro-819x1024.jpg')\">\n\t\t\t\t<label for=\"tb-team-read-more-block_s44__p1449__team-3\" class=\"tb-team__card-label\">\n\t\t\t\t\t<div class=\"overlay\"><\/div>\n\t\t\t\t\t<div class=\"overlay overlay--extra\"><\/div>\n\t\t\t\t\t<div class=\"content\">\n\t\t\t\t\t\t<div class=\"tb-team__card-titles\">\n\t\t\t\t\t\t\t<h3>Caroline<\/h3>\n\t\t\t\t\t\t\t\t\t\t\t\t\t\t\t<p>l\u00e0 pour r\u00e9pondre \u00e0 toutes vos questions<\/p>\n\t\t\t\t\t\t\t\t\t\t\t\t\t<\/div>\n\t\t\t\t\t\t\t\t\t\t\t<\/div>\n\t\t\t\t\t<input type=\"checkbox\" class=\"tb-team__card-checkbox\" id=\"tb-team-read-more-block_s44__p1449__team-3\">\n\t\t\t\t<\/label>\n\t\t\t<\/div>\n\t\t\t\t\t<div class=\"tb-card entry\" style=\"background-image: url('https:\/\/jn.travelblox.eu\/wp-content\/uploads\/sites\/44\/2026\/03\/TeamPics-2.jpg')\">\n\t\t\t\t<label for=\"tb-team-read-more-block_s44__p1449__team-4\" class=\"tb-team__card-label\">\n\t\t\t\t\t<div class=\"overlay\"><\/div>\n\t\t\t\t\t<div class=\"overlay overlay--extra\"><\/div>\n\t\t\t\t\t<div class=\"content\">\n\t\t\t\t\t\t<div class=\"tb-team__card-titles\">\n\t\t\t\t\t\t\t<h3>Lara<\/h3>\n\t\t\t\t\t\t\t\t\t\t\t\t\t\t\t<p>l\u00e0 pour r\u00e9pondre \u00e0 toutes vos questions<\/p>\n\t\t\t\t\t\t\t\t\t\t\t\t\t<\/div>\n\t\t\t\t\t\t\t\t\t\t\t<\/div>\n\t\t\t\t\t<input type=\"checkbox\" class=\"tb-team__card-checkbox\" id=\"tb-team-read-more-block_s44__p1449__team-4\">\n\t\t\t\t<\/label>\n\t\t\t<\/div>\n\t\t\t\t\t\t\t\t<\/div>\n\t\t\t\t\t\t<div class=\"tb-carousel-nav\">\n\t\t\t<div class=\"dots\">\n\t\t\t\t<div class=\"dot active\"><\/div>\n\t\t\t\t<div class=\"dot\"><\/div>\n\t\t\t\t<div class=\"dot\"><\/div>\n\t\t\t<\/div>\n\t\t\t<div class=\"arrows\">\n\t\t\t\t<div class=\"prev disabled\">\n\t\t\t\t\t<span><i class=\"fa fa-chevron-left\"><\/i><\/span>\n\t\t\t\t<\/div>\n\t\t\t\t<div class=\"next\">\n\t\t\t\t\t<span><i class=\"fa fa-chevron-right\"><\/i><\/span>\n\t\t\t\t<\/div>\n\t\t\t<\/div>\n\t\t<\/div>\n\t\t\t\t<\/div>\n\t\t<\/div>\n\t\t\t\t\t<div class=\"tb-team__extra inner-block tb-fade-in tb-fade-in--subtle\">\n\t\t\t<div class=\"text-part\">\n\t\t\t\t<h3>Une question \u00e0 propos de votre voyage ?<\/h3>\n\t\t\t\t\t\t<div class=\"translation-block\"><p>N&rsquo;h\u00e9sitez pas \u00e0 nous <a href=\"https:\/\/jn.travelblox.eu\/contact\/\">contacter<\/a>, nous serons ravis de vous aider.<\/p><\/div>\n\t\t\t\t\t<div class=\"tb-buttons-part\">\n\t\t\t\t\t\t\t\t\t<\/div>\n\t\t\t<\/div>\n\t\t<\/div>\n\t<\/div>\n\n\n<div class=\" tb-textimage2 tb-block align-left background-light pattern-none variant-text_first tb-collapsible-margins\" id=\"textimage2\">\n\t<div class=\"inner-block tb-fade-in\">\n\n\t\t\n\t\t<div class=\"tb-columns\">\n\t\t\t<div class=\"tb-column\">\n\t\t\t\t<div class=\"tb-text-part\">\n\t\t\t\t\t<h2>L&rsquo;histoire derri\u00e8re Jordan Nomads<\/h2>\n\t\t\t\t\t\t\t<div class=\"translation-block\"><p>Chez <strong data-start=\"101\" data-end=\"118\">Jordan Nomads<\/strong>, nous voulons offrir plus qu\u2019un simple voyage : une vraie immersion dans un pays dont la beaut\u00e9 repose autant sur ses paysages que sur la g\u00e9n\u00e9rosit\u00e9 de ses habitants. Depuis 2022, nous construisons notre aventure aux c\u00f4t\u00e9s de partenaires locaux qui nous accueillent comme des amis et qui partagent avec fiert\u00e9 leur culture, leurs histoires et leurs traditions.<\/p>\n<p>Le road trip est n\u00e9 \u00e0 une p\u00e9riode o\u00f9 la Jordanie vivait un v\u00e9ritable \u00e9lan touristique. Petra, Wadi Rum et la mer Morte attiraient des voyageurs du monde entier. Puis le conflit dans le pays voisin a tout ralenti, laissant de nombreuses familles sans visiteurs pendant plusieurs saisons. Malgr\u00e9 cela, leur hospitalit\u00e9 n\u2019a jamais disparu.<\/p>\n<p>En 2024, Sam et Clara sont retourn\u00e9s sur place pour soutenir ces partenaires devenus proches et pour repenser ensemble une aventure encore plus authentique. Aujourd\u2019hui que la situation s\u2019est stabilis\u00e9e, nous souhaitons remettre la Jordanie au c\u0153ur des voyages.<br data-start=\"1077\" data-end=\"1080\" \/>Parce qu\u2019elle reste l\u2019un des pays les plus chaleureux du Moyen-Orient, et que ses habitants ont h\u00e2te de partager \u00e0 nouveau leurs tr\u00e9sors.<\/p>\n<p>Avec Jordan Nomads, vous d\u00e9couvrez la Jordanie avec libert\u00e9, respect et un profond ancrage local, comme un invit\u00e9, pas comme un simple visiteur.<\/p><\/div>\n\t\t\t\t\t\t\t\t\t\t\t<div class=\"tb-buttons-part\">\n\t\t\t\t\t\t\t\t\t\t\t\t\t\t\t\t\t<\/div>\n\t\t\t\t<\/div>\n\t\t\t<\/div>\n\t\t\t<div class=\"tb-column\">\n\t\t\t\t\t\t\t\t\t\t\t\t\t\t\t<div class=\"tb-image-part\">\n\t\t\t\t\t\t\t<img src='https:\/\/jn.travelblox.eu\/wp-content\/uploads\/sites\/44\/2025\/12\/IMG_4022.heic' width='1' height='1' alt='Group photo' loading='lazy' image_size='medium_large'>\t\t\t\t\t\t<\/div>\n\t\t\t\t\t\t\t\t\t\t\t\t<\/div>\n\t\t<\/div>\n\t<\/div>\n<\/div>\n\n\n<div class=\" tb-textimage2 tb-block align-left background-light pattern-none variant-text_first tb-collapsible-margins\" id=\"textimage2-1\">\n\t<div class=\"inner-block tb-fade-in\">\n\n\t\t\n\t\t<div class=\"tb-columns\">\n\t\t\t<div class=\"tb-column\">\n\t\t\t\t<div class=\"tb-text-part\">\n\t\t\t\t\t<h2>Clara vous d\u00e9voile ses endroits pr\u00e9f\u00e9r\u00e9s en Jordanie<\/h2>\n\t\t\t\t\t\t\t<div class=\"translation-block\"><p>Envie de d\u00e9couvrir la Jordanie par vous-m\u00eame ? Clara, notre responsable voyage passionn\u00e9e, vous emm\u00e8ne \u00e0 travers ses endroits pr\u00e9f\u00e9r\u00e9s dans ce pays fascinant. Des paysages grandioses, des rencontres inoubliables et des conseils authentiques, <strong>laissez-vous inspirer pour votre prochaine aventure<\/strong> !<\/p>\n<p>Elle vous parlera de son incontournable \u00e0 ne manquer sous aucun pr\u00e9texte, de son repas typique pr\u00e9f\u00e9r\u00e9, de son activit\u00e9 coup de c\u0153ur et de son lieu pr\u00e9f\u00e9r\u00e9 pour passer la nuit.<\/p><\/div>\n\t\t\t\t\t\t\t\t\t\t\t<div class=\"tb-buttons-part\">\n\t\t\t\t\t\t\t\t\t\t\t\t\t\t\t\t\t<\/div>\n\t\t\t\t<\/div>\n\t\t\t<\/div>\n\t\t\t<div class=\"tb-column\">\n\t\t\t\t\t\t\t\t\t\t\t\t\t\t\t<div class=\"tb-image-part\">\n\t\t\t\t\t\t\t<img src='https:\/\/jn.travelblox.eu\/wp-content\/uploads\/sites\/44\/2025\/08\/JN_AboutUs-768x512.jpg' width='768' height='512' loading='lazy' image_size='medium_large'>\t\t\t\t\t\t<\/div>\n\t\t\t\t\t\t\t\t\t\t\t\t<\/div>\n\t\t<\/div>\n\t<\/div>\n<\/div>\n\n\n<div class=\" tb-colcompare tb-block align-center background-light pattern-none variant-cards tb-collapsible-margins\" id=\"colcompare\">\n\t<div class=\"inner-block tb-fade-in tb-fade-in--subtle\">\n\t\t<div class=\"text-part\">\n\t\t\t<h2>Pourquoi partir en road trip avec les Jordan Nomads ?<\/h2>\n\t\t\t\t\t<div class=\"translation-block\"><\/div>\n\t\t\t<\/div>\n\t<\/div>\n\t\t\t\t\t<div class=\"inner-block-full-width has-tb-carousel tb-justified\" >\n\t\t\t<div class=\"tb-carousel-container\">\n\t\t\t\t<div class=\"entries tb-cards\" data-slider-first=\"1\">\n\t\t\t\t\t\t\t\t\t<div class=\"tb-card entry tb-fade-in tb-fade-in--subtle\">\n\t\t\t\t<div class=\"tb-image-part\">\n\t\t\t\t\t<img src='https:\/\/jn.travelblox.eu\/wp-content\/uploads\/sites\/44\/2025\/08\/1-768x768.jpg' width='768' height='768' loading='lazy' image_size='medium_large'>\t\t\t\t<\/div>\n\t\t\t\t<div class=\"tb-card-content text-part\">\n\t\t\t\t\t<h5>\t\t\t\t<i class=\"icon fa-solid fa-map-location-dot \" aria-hidden=\"true\"><\/i>\n\t\t\t Un itin\u00e9raire soigneusement organis\u00e9<\/h5>\n\t\t\t\t\t\t\t<div class=\"translation-block\"><p>Nous nous occupons de tout, \u00e0 la fois en amont et sur place en Jordanie : logistique, itin\u00e9raire, h\u00e9bergements et m\u00eame des options suppl\u00e9mentaires comme les activit\u00e9s. Ainsi, vous n\u2019aurez \u00e0 vous soucier de rien pendant votre voyage.<\/p><\/div>\n\t\t\t\t\t\t<div class=\"tb-buttons-part\">\n\t\t\t\t\t\t\t\t\t\t\t<\/div>\n\t\t\t\t<\/div>\n\t\t\t<\/div>\n\t\t\t\t\t<div class=\"tb-card entry tb-fade-in tb-fade-in--subtle\">\n\t\t\t\t<div class=\"tb-image-part\">\n\t\t\t\t\t<img src='https:\/\/jn.travelblox.eu\/wp-content\/uploads\/sites\/44\/2025\/08\/2-768x768.jpg' width='768' height='768' loading='lazy' image_size='medium_large'>\t\t\t\t<\/div>\n\t\t\t\t<div class=\"tb-card-content text-part\">\n\t\t\t\t\t<h5>\t\t\t\t<i class=\"icon fa-solid fa-euro-sign \" aria-hidden=\"true\"><\/i>\n\t\t\t Un excellent rapport qualit\u00e9\/prix<\/h5>\n\t\t\t\t\t\t\t<div class=\"translation-block\"><p>L\u2019aventure est accessible \u00e0 tous ! Nous veillons \u00e0 maintenir les co\u00fbts bas en d\u00e9veloppant nous-m\u00eames l\u2019int\u00e9gralit\u00e9 de nos voyages, de A \u00e0 Z. Ainsi, nous garantissons une exp\u00e9rience authentique, sans frais cach\u00e9s.<\/p><\/div>\n\t\t\t\t\t\t<div class=\"tb-buttons-part\">\n\t\t\t\t\t\t\t\t\t\t\t<\/div>\n\t\t\t\t<\/div>\n\t\t\t<\/div>\n\t\t\t\t\t<div class=\"tb-card entry tb-fade-in tb-fade-in--subtle\">\n\t\t\t\t<div class=\"tb-image-part\">\n\t\t\t\t\t<img src='https:\/\/jn.travelblox.eu\/wp-content\/uploads\/sites\/44\/2025\/08\/3-768x768.jpg' width='768' height='768' loading='lazy' image_size='medium_large'>\t\t\t\t<\/div>\n\t\t\t\t<div class=\"tb-card-content text-part\">\n\t\t\t\t\t<h5>\t\t\t\t<i class=\"icon fa-solid fa-leaf \" aria-hidden=\"true\"><\/i>\n\t\t\t Un tourisme responsable<\/h5>\n\t\t\t\t\t\t\t<div class=\"translation-block\"><p>Voyager avec Jordan Nomads, c&rsquo;est aussi voyager de mani\u00e8re responsable. Nous nous engageons en faveur du d\u00e9veloppement durable et collaborons avec les communaut\u00e9s locales.<\/p><\/div>\n\t\t\t\t\t\t<div class=\"tb-buttons-part\">\n\t\t\t\t\t\t\t\t<a href=\"https:\/\/butterfly-foundation.org\/fr\"  target=\"\" class=\"tb-buttonlink\">\n\t\t\tD\u00e9couvrez toutes nos initiatives\t\t<\/a>\n\t\t\t\t\t\t\t<\/div>\n\t\t\t\t<\/div>\n\t\t\t<\/div>\n\t\t\t\t\t<div class=\"tb-card entry tb-fade-in tb-fade-in--subtle\">\n\t\t\t\t<div class=\"tb-image-part\">\n\t\t\t\t\t<img src='https:\/\/jn.travelblox.eu\/wp-content\/uploads\/sites\/44\/2025\/08\/4-768x768.jpg' width='768' height='768' loading='lazy' image_size='medium_large'>\t\t\t\t<\/div>\n\t\t\t\t<div class=\"tb-card-content text-part\">\n\t\t\t\t\t<h5>\t\t\t\t<i class=\"icon fa-solid fa-phone \" aria-hidden=\"true\"><\/i>\n\t\t\t Une \u00e9quipe joignable en cas de probl\u00e8me<\/h5>\n\t\t\t\t\t\t\t<div class=\"translation-block\"><p>Nous vous organisons un road trip inoubliable et sans tracas. Notre \u00e9quipe est toujours pr\u00eate \u00e0 vous aider et \u00e0 vous donner des conseils, pour que votre aventure se d\u00e9roule sans accroc. Vous voyagez donc en pleine autonomie, avec un soutien \u00e0 port\u00e9e de main si besoin.<\/p><\/div>\n\t\t\t\t\t\t<div class=\"tb-buttons-part\">\n\t\t\t\t\t\t\t\t\t\t\t<\/div>\n\t\t\t\t<\/div>\n\t\t\t<\/div>\n\t\t\t\t\t\t\t\t<\/div>\n\t\t\t\t\t\t<div class=\"tb-carousel-nav\">\n\t\t\t<div class=\"dots\">\n\t\t\t\t<div class=\"dot active\"><\/div>\n\t\t\t\t<div class=\"dot\"><\/div>\n\t\t\t\t<div class=\"dot\"><\/div>\n\t\t\t<\/div>\n\t\t\t<div class=\"arrows\">\n\t\t\t\t<div class=\"prev disabled\">\n\t\t\t\t\t<span><i class=\"fa fa-chevron-left\"><\/i><\/span>\n\t\t\t\t<\/div>\n\t\t\t\t<div class=\"next\">\n\t\t\t\t\t<span><i class=\"fa fa-chevron-right\"><\/i><\/span>\n\t\t\t\t<\/div>\n\t\t\t<\/div>\n\t\t<\/div>\n\t\t\t\t<\/div>\n\t\t<\/div>\n\t\t\t<\/div>\n\n\n\n<div class=\" tb-blog tb-block align-center background-light pattern-none variant-none tb-collapsible-margins\" id=\"blog\">\n    <div class=\"inner-block tb-fade-in tb-fade-in--subtle\">\n        <div class=\"text-part\">\n            <h2>Conseils et astuces de l&rsquo;\u00e9quipe<\/h2>\n                    <\/div>\n    <\/div>\n    <div class=\"tb-sections tb-fade-in tb-fade-in--subtle \">\n                    \t\t<div class=\"inner-block-full-width has-tb-carousel \" >\n\t\t\t<div class=\"tb-carousel-container\">\n\t\t\t\t<div class=\"entries tb-cards\" data-slider-first=\"1\">\n\t\t\t\t                                                <a class=\"tb-card entry \" href=\"https:\/\/jn.travelblox.eu\/fr\/voyage-en-jordanie-nos-endroits-preferes-et-5-conseils-dinities\/\"  >\n                                                            <div class=\"tb-image-part\">\n                                                                            <div class=\"tag\" data-no-translation>\n                                                                                                                                                Conseils et astuces                                                                                                                                    <\/div>\n                                                                                                                <img src='https:\/\/jn.travelblox.eu\/wp-content\/uploads\/sites\/44\/2025\/05\/BlogHorizontal-11-768x512.jpg' width='768' height='512' alt='Top tips Jordan' loading='lazy' image_size='medium_large'>                                                                    <\/div>\n                                                        <div class=\"tb-card-bottom\">\n                                                                <h4 class=\"tb-card-bottom__title\">Voyage en jordanie : nos endroits pr\u00e9f\u00e9r\u00e9s et 5 conseils d\u2019initi\u00e9s<\/h4>\n                                                                    <div class=\"tb-card-bottom__content\">\n                                        <div class=\"tb-card__author\"><small>par Malou des Jordan Nomads<\/small><\/div>\n                                    <\/div>\n                                                                                            <\/div>\n                        <\/a>\n                                        <a class=\"tb-card entry \" href=\"https:\/\/jn.travelblox.eu\/fr\/voyager-en-2025-pourquoi-est-ce-le-bon-moment-pour-visiter-la-jordanie\/\"  >\n                                                            <div class=\"tb-image-part\">\n                                                                            <div class=\"tag\" data-no-translation>\n                                                                                                                                                Conseils et astuces                                                                                                                                    <\/div>\n                                                                                                                <img src='https:\/\/jn.travelblox.eu\/wp-content\/uploads\/sites\/44\/2025\/04\/Tezza-8689-2-768x500.jpg' width='768' height='500' loading='lazy' image_size='medium_large'>                                                                    <\/div>\n                                                        <div class=\"tb-card-bottom\">\n                                                                <h4 class=\"tb-card-bottom__title\">Voyager en 2026 : Pourquoi est-ce le bon moment pour visiter la Jordanie ?\u00a0<\/h4>\n                                                                    <div class=\"tb-card-bottom__content\">\n                                        <div class=\"tb-card__author\"><small>par Clara des Jordan Nomads<\/small><\/div>\n                                    <\/div>\n                                                                                            <\/div>\n                        <\/a>\n                                                                    \t\t\t\t<\/div>\n\t\t\t\t\t\t<div class=\"tb-carousel-nav\">\n\t\t\t<div class=\"dots\">\n\t\t\t\t<div class=\"dot active\"><\/div>\n\t\t\t\t<div class=\"dot\"><\/div>\n\t\t\t\t<div class=\"dot\"><\/div>\n\t\t\t<\/div>\n\t\t\t<div class=\"arrows\">\n\t\t\t\t<div class=\"prev disabled\">\n\t\t\t\t\t<span><i class=\"fa fa-chevron-left\"><\/i><\/span>\n\t\t\t\t<\/div>\n\t\t\t\t<div class=\"next\">\n\t\t\t\t\t<span><i class=\"fa fa-chevron-right\"><\/i><\/span>\n\t\t\t\t<\/div>\n\t\t\t<\/div>\n\t\t<\/div>\n\t\t\t\t<\/div>\n\t\t<\/div>\n\t                    <\/div>\n            <div class=\"inner-block tb-buttons-part tb-fade-in tb-fade-in--subtle\">\n            \t\t<a href=\"https:\/\/jn.travelblox.eu\/blog\/\" target=\"\" class=\"tb-text-with-icon tb-buttonlink\">\n\t\t\t\t\t\t\t<span>Voir tous les blogs<\/span>\n\t\t\t\t\t<i class=\"icon fa-solid fa-arrow-right fa-fw \" aria-hidden=\"true\"><\/i>\n\t\t\t\t\t<\/a>\n\t        <\/div>\n    <\/div>","protected":false},"excerpt":{"rendered":"","protected":false},"author":27,"featured_media":1457,"parent":0,"menu_order":0,"comment_status":"closed","ping_status":"closed","template":"","meta":{"_acf_changed":false,"inline_featured_image":false,"footnotes":""},"class_list":["post-1449","page","type-page","status-publish","has-post-thumbnail","hentry"],"acf":{"page_package_ids":"","is_main_package_page":false,"additional_linked_packages":[],"feed_page_to_atlas":false},"_links":{"self":[{"href":"https:\/\/jn.travelblox.eu\/fr\/wp-json\/wp\/v2\/pages\/1449","targetHints":{"allow":["GET"]}}],"collection":[{"href":"https:\/\/jn.travelblox.eu\/fr\/wp-json\/wp\/v2\/pages"}],"about":[{"href":"https:\/\/jn.travelblox.eu\/fr\/wp-json\/wp\/v2\/types\/page"}],"author":[{"embeddable":true,"href":"https:\/\/jn.travelblox.eu\/fr\/wp-json\/wp\/v2\/users\/27"}],"replies":[{"embeddable":true,"href":"https:\/\/jn.travelblox.eu\/fr\/wp-json\/wp\/v2\/comments?post=1449"}],"version-history":[{"count":21,"href":"https:\/\/jn.travelblox.eu\/fr\/wp-json\/wp\/v2\/pages\/1449\/revisions"}],"predecessor-version":[{"id":1943,"href":"https:\/\/jn.travelblox.eu\/fr\/wp-json\/wp\/v2\/pages\/1449\/revisions\/1943"}],"wp:featuredmedia":[{"embeddable":true,"href":"https:\/\/jn.travelblox.eu\/fr\/wp-json\/wp\/v2\/media\/1457"}],"wp:attachment":[{"href":"https:\/\/jn.travelblox.eu\/fr\/wp-json\/wp\/v2\/media?parent=1449"}],"curies":[{"name":"wp","href":"https:\/\/api.w.org\/{rel}","templated":true}]}}