{"id":1449,"date":"2025-08-28T10:59:28","date_gmt":"2025-08-28T10:59:28","guid":{"rendered":"https:\/\/jn.travelblox.eu\/?page_id=1449"},"modified":"2026-03-20T09:30:44","modified_gmt":"2026-03-20T09:30:44","slug":"about-us","status":"publish","type":"page","link":"https:\/\/jn.travelblox.eu\/nl\/about-us\/","title":{"rendered":"Over ons"},"content":{"rendered":"<div class=\"tb-header tb-block align-center background-dark pattern-none variant-none\" id=\"header\" data-fallback-background=\"https:\/\/jn.travelblox.eu\/wp-content\/uploads\/sites\/44\/2025\/10\/BlogHorizontal-12.jpg\" style=\"background-image: url('https:\/\/jn.travelblox.eu\/wp-content\/uploads\/sites\/44\/2025\/10\/BlogHorizontal-12.jpg'); background-position:;\">\n    <div class=\"tb-header-foreground\">\n        <div class=\"inner-block\">\n\n            <div class=\"main-part\">\n                <div class=\"text-part\">\n                                            <p><br data-mce-bogus=\"1\" \/><\/p>\n                                                                                            <h1>\t<span class=\"tb-logo\"  style=\"-webkit-mask-image: url(https:\/\/jn.travelblox.eu\/wp-content\/uploads\/sites\/44\/2023\/10\/round-white.svg); mask-image: url(https:\/\/jn.travelblox.eu\/wp-content\/uploads\/sites\/44\/2023\/10\/round-white.svg)\">\n\t\t<img src='https:\/\/jn.travelblox.eu\/wp-content\/uploads\/sites\/44\/2023\/10\/round-white.svg' width='1024' height='1024' alt='Jordan Nomads logo' title='Jordan Nomads' loading='lazy'>\n\t<\/span>\n<\/h1>\n                                                                                        <h2 class=\"tb-subtitle\">\t\t<div class=\"translation-block\"><p>Het team en het verhaal achter Jordan Nomads<\/p><\/div>\n\t<\/h2>\n                                                                                                                                            <\/div>\n            <\/div>\n            \n                    <\/div>\n    <\/div>\n\n    \n    \n<\/div>\n\n\n<div class=\"tb-team tb-block align-center background-light pattern-none variant-none tb-collapsible-margins\" id=\"team\">\n\t<div class=\"inner-block tb-fade-in tb-fade-in--subtle\">\n\t\t<div class=\"text-part\">\n\t\t\t<h2>Maak kennis met het Jordan Nomads team<\/h2>\n\t\t\t\t\t<div class=\"translation-block\"><p>Benieuwd naar de gezichten achter het Jordan Nomads team? Kom meer te weten over elke reisexpert:<\/p><\/div>\n\t\t\t<\/div>\n\t<\/div>\n\t\t\t\t\t<div class=\"inner-block-full-width has-tb-carousel\" >\n\t\t\t<div class=\"tb-carousel-container\">\n\t\t\t\t<div class=\"entries tb-cards\" data-slider-first=\"1\">\n\t\t\t\t\t\t\t\t\t<div class=\"tb-card entry\" style=\"background-image: url('https:\/\/jn.travelblox.eu\/wp-content\/uploads\/sites\/44\/2025\/08\/JN-Clara-819x1024.jpg')\">\n\t\t\t\t<label for=\"tb-team-read-more-block_s44__p1449__team-0\" class=\"tb-team__card-label\">\n\t\t\t\t\t<div class=\"overlay\"><\/div>\n\t\t\t\t\t<div class=\"overlay overlay--extra\"><\/div>\n\t\t\t\t\t<div class=\"content\">\n\t\t\t\t\t\t<div class=\"tb-team__card-titles\">\n\t\t\t\t\t\t\t<h3>Clara<\/h3>\n\t\t\t\t\t\t\t\t\t\t\t\t\t\t\t<p>is reisverantwoordelijke<\/p>\n\t\t\t\t\t\t\t\t\t\t\t\t\t<\/div>\n\t\t\t\t\t\t\t\t\t\t\t<\/div>\n\t\t\t\t\t<input type=\"checkbox\" class=\"tb-team__card-checkbox\" id=\"tb-team-read-more-block_s44__p1449__team-0\">\n\t\t\t\t<\/label>\n\t\t\t<\/div>\n\t\t\t\t\t<div class=\"tb-card entry\" style=\"background-image: url('https:\/\/jn.travelblox.eu\/wp-content\/uploads\/sites\/44\/2025\/08\/JN-Sam-819x1024.jpg')\">\n\t\t\t\t<label for=\"tb-team-read-more-block_s44__p1449__team-1\" class=\"tb-team__card-label\">\n\t\t\t\t\t<div class=\"overlay\"><\/div>\n\t\t\t\t\t<div class=\"overlay overlay--extra\"><\/div>\n\t\t\t\t\t<div class=\"content\">\n\t\t\t\t\t\t<div class=\"tb-team__card-titles\">\n\t\t\t\t\t\t\t<h3>Sam<\/h3>\n\t\t\t\t\t\t\t\t\t\t\t\t\t\t\t<p>beantwoordt je vragen<\/p>\n\t\t\t\t\t\t\t\t\t\t\t\t\t<\/div>\n\t\t\t\t\t\t\t\t\t\t\t<\/div>\n\t\t\t\t\t<input type=\"checkbox\" class=\"tb-team__card-checkbox\" id=\"tb-team-read-more-block_s44__p1449__team-1\">\n\t\t\t\t<\/label>\n\t\t\t<\/div>\n\t\t\t\t\t<div class=\"tb-card entry\" style=\"background-image: url('https:\/\/jn.travelblox.eu\/wp-content\/uploads\/sites\/44\/2025\/08\/JN-Malou-819x1024.jpg')\">\n\t\t\t\t<label for=\"tb-team-read-more-block_s44__p1449__team-2\" class=\"tb-team__card-label\">\n\t\t\t\t\t<div class=\"overlay\"><\/div>\n\t\t\t\t\t<div class=\"overlay overlay--extra\"><\/div>\n\t\t\t\t\t<div class=\"content\">\n\t\t\t\t\t\t<div class=\"tb-team__card-titles\">\n\t\t\t\t\t\t\t<h3>Malou<\/h3>\n\t\t\t\t\t\t\t\t\t\t\t\t\t\t\t<p>regelt de communicatie<\/p>\n\t\t\t\t\t\t\t\t\t\t\t\t\t<\/div>\n\t\t\t\t\t\t\t\t\t\t\t<\/div>\n\t\t\t\t\t<input type=\"checkbox\" class=\"tb-team__card-checkbox\" id=\"tb-team-read-more-block_s44__p1449__team-2\">\n\t\t\t\t<\/label>\n\t\t\t<\/div>\n\t\t\t\t\t<div class=\"tb-card entry\" style=\"background-image: url('https:\/\/jn.travelblox.eu\/wp-content\/uploads\/sites\/44\/2025\/08\/JN-Caro-819x1024.jpg')\">\n\t\t\t\t<label for=\"tb-team-read-more-block_s44__p1449__team-3\" class=\"tb-team__card-label\">\n\t\t\t\t\t<div class=\"overlay\"><\/div>\n\t\t\t\t\t<div class=\"overlay overlay--extra\"><\/div>\n\t\t\t\t\t<div class=\"content\">\n\t\t\t\t\t\t<div class=\"tb-team__card-titles\">\n\t\t\t\t\t\t\t<h3>Caroline<\/h3>\n\t\t\t\t\t\t\t\t\t\t\t\t\t\t\t<p>beantwoordt je vragen<\/p>\n\t\t\t\t\t\t\t\t\t\t\t\t\t<\/div>\n\t\t\t\t\t\t\t\t\t\t\t<\/div>\n\t\t\t\t\t<input type=\"checkbox\" class=\"tb-team__card-checkbox\" id=\"tb-team-read-more-block_s44__p1449__team-3\">\n\t\t\t\t<\/label>\n\t\t\t<\/div>\n\t\t\t\t\t<div class=\"tb-card entry\" style=\"background-image: url('https:\/\/jn.travelblox.eu\/wp-content\/uploads\/sites\/44\/2026\/03\/TeamPics-2.jpg')\">\n\t\t\t\t<label for=\"tb-team-read-more-block_s44__p1449__team-4\" class=\"tb-team__card-label\">\n\t\t\t\t\t<div class=\"overlay\"><\/div>\n\t\t\t\t\t<div class=\"overlay overlay--extra\"><\/div>\n\t\t\t\t\t<div class=\"content\">\n\t\t\t\t\t\t<div class=\"tb-team__card-titles\">\n\t\t\t\t\t\t\t<h3>Lara<\/h3>\n\t\t\t\t\t\t\t\t\t\t\t\t\t\t\t<p>beantwoordt je vragen<\/p>\n\t\t\t\t\t\t\t\t\t\t\t\t\t<\/div>\n\t\t\t\t\t\t\t\t\t\t\t<\/div>\n\t\t\t\t\t<input type=\"checkbox\" class=\"tb-team__card-checkbox\" id=\"tb-team-read-more-block_s44__p1449__team-4\">\n\t\t\t\t<\/label>\n\t\t\t<\/div>\n\t\t\t\t\t\t\t\t<\/div>\n\t\t\t\t\t\t<div class=\"tb-carousel-nav\">\n\t\t\t<div class=\"dots\">\n\t\t\t\t<div class=\"dot active\"><\/div>\n\t\t\t\t<div class=\"dot\"><\/div>\n\t\t\t\t<div class=\"dot\"><\/div>\n\t\t\t<\/div>\n\t\t\t<div class=\"arrows\">\n\t\t\t\t<div class=\"prev disabled\">\n\t\t\t\t\t<span><i class=\"fa fa-chevron-left\"><\/i><\/span>\n\t\t\t\t<\/div>\n\t\t\t\t<div class=\"next\">\n\t\t\t\t\t<span><i class=\"fa fa-chevron-right\"><\/i><\/span>\n\t\t\t\t<\/div>\n\t\t\t<\/div>\n\t\t<\/div>\n\t\t\t\t<\/div>\n\t\t<\/div>\n\t\t\t\t\t<div class=\"tb-team__extra inner-block tb-fade-in tb-fade-in--subtle\">\n\t\t\t<div class=\"text-part\">\n\t\t\t\t<h3>Een vraag over je reis?<\/h3>\n\t\t\t\t\t\t<div class=\"translation-block\"><p>Aarzel niet om ons te <a href=\"https:\/\/jordannomads.org\/nl\/contact\/\">contacteren<\/a>, we helpen je graag verder!<\/p><\/div>\n\t\t\t\t\t<div class=\"tb-buttons-part\">\n\t\t\t\t\t\t\t\t\t<\/div>\n\t\t\t<\/div>\n\t\t<\/div>\n\t<\/div>\n\n\n<div class=\"tb-textimage2 tb-block align-left background-light pattern-none variant-text_first tb-collapsible-margins\" id=\"textimage2\">\n\t<div class=\"inner-block tb-fade-in\">\n\n\t\t\n\t\t<div class=\"tb-columns\">\n\t\t\t<div class=\"tb-column\">\n\t\t\t\t<div class=\"tb-text-part\">\n\t\t\t\t\t<h2>L'histoire achter Jordan Nomads<\/h2>\n\t\t\t\t\t\t\t<div class=\"translation-block\"><p>Bij <strong>Jordan Nomads<\/strong> willen we meer bieden dan zomaar een reis: we willen je volledig onderdompelen in een land waarvan de schoonheid net zo goed zit in de landschappen als in de uitzonderlijke gastvrijheid van de mensen. Sinds 2022 bouwen we deze ervaring samen met onze lokale partners, die ons ontvangen als vrienden en met trots hun cultuur, verhalen en tradities delen.<\/p><p>Deze roadtrip ontstond in een periode waarin Jordani\u00eb een echte toeristische bloei kende. Petra, Wadi Rum en de Dode Zee trokken reizigers van over de hele wereld aan. Daarna zorgde het conflict in het buurland voor een terugval, waardoor veel families meerdere seizoenen nauwelijks bezoekers zagen. Maar hun gastvrijheid is nooit verdwenen.<\/p><p>In 2024 keerden Sam en Clara terug om onze partners (intussen echte vrienden) te steunen en samen een nog authentiekere ervaring uit te werken. Nu de situatie weer stabiel is, willen we Jordani\u00eb opnieuw op de kaart zetten.<br>Omdat het \u00e9\u00e9n van de warmste en meest gastvrije landen van het Midden-Oosten blijft, en omdat de mensen er staan te popelen om hun verborgen schatten opnieuw te delen.<\/p><p>Met <strong>Jordan Nomads<\/strong> ontdek je Jordani\u00eb met vrijheid, respect en een sterke lokale verankering, als een gast, niet als een gewone bezoeker.<\/p><\/div>\n\t\t\t\t\t\t\t\t\t\t\t<div class=\"tb-buttons-part\">\n\t\t\t\t\t\t\t\t\t\t\t\t\t\t\t\t\t<\/div>\n\t\t\t\t<\/div>\n\t\t\t<\/div>\n\t\t\t<div class=\"tb-column\">\n\t\t\t\t\t\t\t\t\t\t\t\t\t\t\t<div class=\"tb-image-part\">\n\t\t\t\t\t\t\t<img src='https:\/\/jn.travelblox.eu\/wp-content\/uploads\/sites\/44\/2025\/12\/IMG_4022.heic' width='1' height='1' alt='Groepsfoto' loading='lazy' image_size='medium_large'>\t\t\t\t\t\t<\/div>\n\t\t\t\t\t\t\t\t\t\t\t\t<\/div>\n\t\t<\/div>\n\t<\/div>\n<\/div>\n\n\n<div class=\"tb-textimage2 tb-block align-left background-light pattern-none variant-text_first tb-collapsible-margins\" id=\"textimage2-1\">\n\t<div class=\"inner-block tb-fade-in\">\n\n\t\t\n\t\t<div class=\"tb-columns\">\n\t\t\t<div class=\"tb-column\">\n\t\t\t\t<div class=\"tb-text-part\">\n\t\t\t\t\t<h2>Clara onthult haar favoriete plekjes in Jordani\u00eb<\/h2>\n\t\t\t\t\t\t\t<div class=\"translation-block\"><p>Wil je Jordani\u00eb zelf ontdekken? Clara, onze gepassioneerde reisverantwoordelijke, neemt je mee naar haar favoriete plekken in dit fascinerende land. Prachtige landschappen, onvergetelijke ontmoetingen en authentieke tips, <strong>laat je inspireren voor je volgende avontuur<\/strong>!<\/p><p>Ze vertelt je over haar favoriete must-see, maaltijd, activiteit en overnachtingsplaats.<\/p><\/div>\n\t\t\t\t\t\t\t\t\t\t\t<div class=\"tb-buttons-part\">\n\t\t\t\t\t\t\t\t\t\t\t\t\t\t\t\t\t<\/div>\n\t\t\t\t<\/div>\n\t\t\t<\/div>\n\t\t\t<div class=\"tb-column\">\n\t\t\t\t\t\t\t\t\t\t\t\t\t\t\t<div class=\"tb-image-part\">\n\t\t\t\t\t\t\t<img src='https:\/\/jn.travelblox.eu\/wp-content\/uploads\/sites\/44\/2025\/08\/JN_AboutUs-768x512.jpg' width='768' height='512' loading='lazy' image_size='medium_large'>\t\t\t\t\t\t<\/div>\n\t\t\t\t\t\t\t\t\t\t\t\t<\/div>\n\t\t<\/div>\n\t<\/div>\n<\/div>\n\n\n<div class=\"tb-colcompare tb-block align-center background-light pattern-none variant-cards tb-collapsible-margins\" id=\"colcompare\">\n\t<div class=\"inner-block tb-fade-in tb-fade-in--subtle\">\n\t\t<div class=\"text-part\">\n\t\t\t<h2>Waarom kiezen voor een roadtrip met Jordan Nomads?<\/h2>\n\t\t\t\t\t<div class=\"translation-block\"><\/div>\n\t\t\t<\/div>\n\t<\/div>\n\t\t\t\t\t<div class=\"inner-block-full-width has-tb-carousel tb-justified\" >\n\t\t\t<div class=\"tb-carousel-container\">\n\t\t\t\t<div class=\"entries tb-cards\" data-slider-first=\"1\">\n\t\t\t\t\t\t\t\t\t<div class=\"tb-card entry tb-fade-in tb-fade-in--subtle\">\n\t\t\t\t<div class=\"tb-image-part\">\n\t\t\t\t\t<img src='https:\/\/jn.travelblox.eu\/wp-content\/uploads\/sites\/44\/2025\/08\/1-768x768.jpg' width='768' height='768' loading='lazy' image_size='medium_large'>\t\t\t\t<\/div>\n\t\t\t\t<div class=\"tb-card-content text-part\">\n\t\t\t\t\t<h5>\t\t\t\t<i class=\"icon fa-solid fa-map-location-dot\" aria-hidden=\"true\"><\/i>\n\t\t\t Zorgvuldig uitgestippelde route<\/h5>\n\t\t\t\t\t\t\t<div class=\"translation-block\"><p>Wij regelen alles achter de schermen en ter plaatse in Jordani\u00eb: je auto en overnachtingsplaatsen, de route en optionele extra\u2019s zoals activiteiten. Jij kan dus meteen je koffers nemen en vertrekken!<\/p><\/div>\n\t\t\t\t\t\t<div class=\"tb-buttons-part\">\n\t\t\t\t\t\t\t\t\t\t\t<\/div>\n\t\t\t\t<\/div>\n\t\t\t<\/div>\n\t\t\t\t\t<div class=\"tb-card entry tb-fade-in tb-fade-in--subtle\">\n\t\t\t\t<div class=\"tb-image-part\">\n\t\t\t\t\t<img src='https:\/\/jn.travelblox.eu\/wp-content\/uploads\/sites\/44\/2025\/08\/2-768x768.jpg' width='768' height='768' loading='lazy' image_size='medium_large'>\t\t\t\t<\/div>\n\t\t\t\t<div class=\"tb-card-content text-part\">\n\t\t\t\t\t<h5>\t\t\t\t<i class=\"icon fa-solid fa-euro-sign\" aria-hidden=\"true\"><\/i>\n\t\t\t Uitstekende prijs-kwaliteitverhouding<\/h5>\n\t\t\t\t\t\t\t<div class=\"translation-block\"><p>Avontuur is voor iedereen! Doordat we onze reizen volledig zelf uitstippelen in samenwerking met onze lokale partners, garanderen we je de beste ervaring voor de laagste prijs.<\/p><\/div>\n\t\t\t\t\t\t<div class=\"tb-buttons-part\">\n\t\t\t\t\t\t\t\t\t\t\t<\/div>\n\t\t\t\t<\/div>\n\t\t\t<\/div>\n\t\t\t\t\t<div class=\"tb-card entry tb-fade-in tb-fade-in--subtle\">\n\t\t\t\t<div class=\"tb-image-part\">\n\t\t\t\t\t<img src='https:\/\/jn.travelblox.eu\/wp-content\/uploads\/sites\/44\/2025\/08\/3-768x768.jpg' width='768' height='768' loading='lazy' image_size='medium_large'>\t\t\t\t<\/div>\n\t\t\t\t<div class=\"tb-card-content text-part\">\n\t\t\t\t\t<h5>\t\t\t\t<i class=\"icon fa-solid fa-leaf\" aria-hidden=\"true\"><\/i>\n\t\t\t Verantwoord toerisme<\/h5>\n\t\t\t\t\t\t\t<div class=\"translation-block\"><p>Reizen met Jordan Nomads betekent ook verantwoord reizen. We zetten ons in voor duurzame ontwikkeling en werken samen met lokale gemeenschappen.<\/p><\/div>\n\t\t\t\t\t\t<div class=\"tb-buttons-part\">\n\t\t\t\t\t\t\t\t<a href=\"https:\/\/butterfly-foundation.org\/fr\"  target=\"\" class=\"tb-buttonlink\">\n\t\t\tOntdek al onze initiatieven\t\t<\/a>\n\t\t\t\t\t\t\t<\/div>\n\t\t\t\t<\/div>\n\t\t\t<\/div>\n\t\t\t\t\t<div class=\"tb-card entry tb-fade-in tb-fade-in--subtle\">\n\t\t\t\t<div class=\"tb-image-part\">\n\t\t\t\t\t<img src='https:\/\/jn.travelblox.eu\/wp-content\/uploads\/sites\/44\/2025\/08\/4-768x768.jpg' width='768' height='768' loading='lazy' image_size='medium_large'>\t\t\t\t<\/div>\n\t\t\t\t<div class=\"tb-card-content text-part\">\n\t\t\t\t\t<h5>\t\t\t\t<i class=\"icon fa-solid fa-phone\" aria-hidden=\"true\"><\/i>\n\t\t\t Ondersteuning vooraf en ter plaatse<\/h5>\n\t\t\t\t\t\t\t<div class=\"translation-block\"><p>Je gaat zelfstandig op reis, maar staat er niet alleen voor. Ons team staat namelijk steeds voor je klaar in geval van vragen of problemen.<\/p><\/div>\n\t\t\t\t\t\t<div class=\"tb-buttons-part\">\n\t\t\t\t\t\t\t\t\t\t\t<\/div>\n\t\t\t\t<\/div>\n\t\t\t<\/div>\n\t\t\t\t\t\t\t\t<\/div>\n\t\t\t\t\t\t<div class=\"tb-carousel-nav\">\n\t\t\t<div class=\"dots\">\n\t\t\t\t<div class=\"dot active\"><\/div>\n\t\t\t\t<div class=\"dot\"><\/div>\n\t\t\t\t<div class=\"dot\"><\/div>\n\t\t\t<\/div>\n\t\t\t<div class=\"arrows\">\n\t\t\t\t<div class=\"prev disabled\">\n\t\t\t\t\t<span><i class=\"fa fa-chevron-left\"><\/i><\/span>\n\t\t\t\t<\/div>\n\t\t\t\t<div class=\"next\">\n\t\t\t\t\t<span><i class=\"fa fa-chevron-right\"><\/i><\/span>\n\t\t\t\t<\/div>\n\t\t\t<\/div>\n\t\t<\/div>\n\t\t\t\t<\/div>\n\t\t<\/div>\n\t\t\t<\/div>\n\n\n\n<div class=\"tb-blog tb-block align-center background-light pattern-none variant-none tb-collapsible-margins\" id=\"blog\">\n    <div class=\"inner-block tb-fade-in tb-fade-in--subtle\">\n        <div class=\"text-part\">\n            <h2>Tips en tricks van het team<\/h2>\n                    <\/div>\n    <\/div>\n    <div class=\"tb-sections tb-fade-in tb-fade-in--subtle\">\n                    \t\t<div class=\"inner-block-full-width has-tb-carousel\" >\n\t\t\t<div class=\"tb-carousel-container\">\n\t\t\t\t<div class=\"entries tb-cards\" data-slider-first=\"1\">\n\t\t\t\t                                                <a class=\"tb-card entry\" href=\"https:\/\/jn.travelblox.eu\/nl\/een-rondreis-door-jordanie-onze-favoriete-plekken-en-5-insider-tips\/\"  >\n                                                            <div class=\"tb-image-part\">\n                                                                            <div class=\"tag\" data-no-translation>\n                                                                                                                                                Tips &amp; Tricks                                                                                                                                    <\/div>\n                                                                                                                <img src='https:\/\/jn.travelblox.eu\/wp-content\/uploads\/sites\/44\/2025\/05\/BlogHorizontal-11-768x512.jpg' width='768' height='512' alt='Top tips Jordani\u00eb' loading='lazy' image_size='medium_large'>                                                                    <\/div>\n                                                        <div class=\"tb-card-bottom\">\n                                                                <h4 class=\"tb-card-bottom__title\">Een rondreis door Jordani\u00eb : onze favoriete plekken en 5 insider-tips<\/h4>\n                                                                    <div class=\"tb-card-bottom__content\">\n                                        <div class=\"tb-card__author\"><small>door Malou van Jordan Nomads<\/small><\/div>\n                                    <\/div>\n                                                                                            <\/div>\n                        <\/a>\n                                        <a class=\"tb-card entry\" href=\"https:\/\/jn.travelblox.eu\/nl\/voyager-en-2025-pourquoi-est-ce-le-bon-moment-pour-visiter-la-jordanie\/\"  >\n                                                            <div class=\"tb-image-part\">\n                                                                            <div class=\"tag\" data-no-translation>\n                                                                                                                                                Tips &amp; Tricks                                                                                                                                    <\/div>\n                                                                                                                <img src='https:\/\/jn.travelblox.eu\/wp-content\/uploads\/sites\/44\/2025\/04\/Tezza-8689-2-768x500.jpg' width='768' height='500' loading='lazy' image_size='medium_large'>                                                                    <\/div>\n                                                        <div class=\"tb-card-bottom\">\n                                                                <h4 class=\"tb-card-bottom__title\">Reizen in 2026 : Waarom is dit het juiste moment om Jordani\u00eb te bezoeken?\u00a0<\/h4>\n                                                                    <div class=\"tb-card-bottom__content\">\n                                        <div class=\"tb-card__author\"><small>door Clara van Jordan Nomads<\/small><\/div>\n                                    <\/div>\n                                                                                            <\/div>\n                        <\/a>\n                                                                    \t\t\t\t<\/div>\n\t\t\t\t\t\t<div class=\"tb-carousel-nav\">\n\t\t\t<div class=\"dots\">\n\t\t\t\t<div class=\"dot active\"><\/div>\n\t\t\t\t<div class=\"dot\"><\/div>\n\t\t\t\t<div class=\"dot\"><\/div>\n\t\t\t<\/div>\n\t\t\t<div class=\"arrows\">\n\t\t\t\t<div class=\"prev disabled\">\n\t\t\t\t\t<span><i class=\"fa fa-chevron-left\"><\/i><\/span>\n\t\t\t\t<\/div>\n\t\t\t\t<div class=\"next\">\n\t\t\t\t\t<span><i class=\"fa fa-chevron-right\"><\/i><\/span>\n\t\t\t\t<\/div>\n\t\t\t<\/div>\n\t\t<\/div>\n\t\t\t\t<\/div>\n\t\t<\/div>\n\t                    <\/div>\n            <div class=\"inner-block tb-buttons-part tb-fade-in tb-fade-in--subtle\">\n            \t\t<a href=\"https:\/\/jn.travelblox.eu\/nl\/blog\/\" target=\"\" class=\"tb-text-with-icon tb-buttonlink\">\n\t\t\t\t\t\t\t<span>Bekijk alle blogs<\/span>\n\t\t\t\t\t<i class=\"icon fa-solid fa-arrow-right fa-fw\" aria-hidden=\"true\"><\/i>\n\t\t\t\t\t<\/a>\n\t        <\/div>\n    <\/div>","protected":false},"excerpt":{"rendered":"","protected":false},"author":27,"featured_media":1457,"parent":0,"menu_order":0,"comment_status":"closed","ping_status":"closed","template":"","meta":{"_acf_changed":false,"inline_featured_image":false,"footnotes":""},"class_list":["post-1449","page","type-page","status-publish","has-post-thumbnail","hentry"],"acf":{"page_package_ids":"","is_main_package_page":false,"additional_linked_packages":[],"feed_page_to_atlas":false},"_links":{"self":[{"href":"https:\/\/jn.travelblox.eu\/nl\/wp-json\/wp\/v2\/pages\/1449","targetHints":{"allow":["GET"]}}],"collection":[{"href":"https:\/\/jn.travelblox.eu\/nl\/wp-json\/wp\/v2\/pages"}],"about":[{"href":"https:\/\/jn.travelblox.eu\/nl\/wp-json\/wp\/v2\/types\/page"}],"author":[{"embeddable":true,"href":"https:\/\/jn.travelblox.eu\/nl\/wp-json\/wp\/v2\/users\/27"}],"replies":[{"embeddable":true,"href":"https:\/\/jn.travelblox.eu\/nl\/wp-json\/wp\/v2\/comments?post=1449"}],"version-history":[{"count":21,"href":"https:\/\/jn.travelblox.eu\/nl\/wp-json\/wp\/v2\/pages\/1449\/revisions"}],"predecessor-version":[{"id":1943,"href":"https:\/\/jn.travelblox.eu\/nl\/wp-json\/wp\/v2\/pages\/1449\/revisions\/1943"}],"wp:featuredmedia":[{"embeddable":true,"href":"https:\/\/jn.travelblox.eu\/nl\/wp-json\/wp\/v2\/media\/1457"}],"wp:attachment":[{"href":"https:\/\/jn.travelblox.eu\/nl\/wp-json\/wp\/v2\/media?parent=1449"}],"curies":[{"name":"wp","href":"https:\/\/api.w.org\/{rel}","templated":true}]}}